{"id":507,"date":"2023-04-25T21:15:59","date_gmt":"2023-04-25T21:15:59","guid":{"rendered":"https:\/\/policane.net\/informacion-de-divulgacion\/"},"modified":"2023-08-31T22:48:23","modified_gmt":"2023-08-31T22:48:23","slug":"informacion-de-divulgacion","status":"publish","type":"page","link":"https:\/\/policane.net\/es\/informacion-de-divulgacion\/","title":{"rendered":"Informaci\u00f3n de divulgaci\u00f3n"},"content":{"rendered":"\t\t<div data-elementor-type=\"wp-page\" data-elementor-id=\"507\" class=\"elementor elementor-507 elementor-325\">\n\t\t\t\t\t\t<section class=\"elementor-section elementor-top-section elementor-element elementor-element-55fec4e elementor-section-stretched elementor-section-boxed elementor-section-height-default elementor-section-height-default\" data-id=\"55fec4e\" data-element_type=\"section\" data-settings=\"{&quot;stretch_section&quot;:&quot;section-stretched&quot;}\">\n\t\t\t\t\t\t<div class=\"elementor-container elementor-column-gap-default\">\n\t\t\t\t\t<div class=\"elementor-column elementor-col-100 elementor-top-column elementor-element elementor-element-e863b3f\" data-id=\"e863b3f\" data-element_type=\"column\">\n\t\t\t<div class=\"elementor-widget-wrap elementor-element-populated\">\n\t\t\t\t\t\t<div class=\"elementor-element elementor-element-d2d0ab2 elementor-widget elementor-widget-heading\" data-id=\"d2d0ab2\" data-element_type=\"widget\" data-widget_type=\"heading.default\">\n\t\t\t\t<div class=\"elementor-widget-container\">\n\t\t\t\t\t<h1 class=\"elementor-heading-title elementor-size-default\">Informaci\u00f3n de\nDivulgaci\u00f3n<\/h1>\t\t\t\t<\/div>\n\t\t\t\t<\/div>\n\t\t\t\t<div class=\"elementor-element elementor-element-aeeee36 elementor-widget elementor-widget-text-editor\" data-id=\"aeeee36\" data-element_type=\"widget\" data-widget_type=\"text-editor.default\">\n\t\t\t\t<div class=\"elementor-widget-container\">\n\t\t\t\t\t\t\t\t\t<p>Actualmente, no hemos establecido que POLICANE\u00ae retenga policosanoles a niveles suficientes para proporcionar resultados similares a los de estos estudios.\u00a0 Adem\u00e1s, algunos otros estudios no lograron establecer ninguna mejora estad\u00edsticamente respaldada del colesterol sangu\u00edneo por la ingesti\u00f3n de policosanoles.\u00a0 Hasta la fecha, ninguno de los estudios que hemos revisado ha informado de efectos secundarios o negativos para la salud por el uso de policosanoles. La investigaci\u00f3n sobre los policosanoles est\u00e1 en curso y creemos que es prometedora.<\/p>\t\t\t\t\t\t\t\t<\/div>\n\t\t\t\t<\/div>\n\t\t\t\t\t<\/div>\n\t\t<\/div>\n\t\t\t\t\t<\/div>\n\t\t<\/section>\n\t\t\t\t<section class=\"elementor-section elementor-top-section elementor-element elementor-element-c91b96f arrowWhat elementor-section-boxed elementor-section-height-default elementor-section-height-default\" data-id=\"c91b96f\" data-element_type=\"section\">\n\t\t\t\t\t\t<div class=\"elementor-container elementor-column-gap-default\">\n\t\t\t\t\t<div class=\"elementor-column elementor-col-100 elementor-top-column elementor-element elementor-element-6f00d97\" data-id=\"6f00d97\" data-element_type=\"column\">\n\t\t\t<div class=\"elementor-widget-wrap elementor-element-populated\">\n\t\t\t\t\t\t<div class=\"elementor-element elementor-element-2138eb0 elementor-widget elementor-widget-image\" data-id=\"2138eb0\" data-element_type=\"widget\" data-widget_type=\"image.default\">\n\t\t\t\t<div class=\"elementor-widget-container\">\n\t\t\t\t\t\t\t\t\t\t\t\t\t\t\t<img decoding=\"async\" width=\"26\" height=\"53\" data-src=\"https:\/\/policane.net\/wp-content\/uploads\/2023\/04\/down-arrow.png\" class=\"attachment-full size-full wp-image-440 lazyload\" alt=\"\" style=\"--smush-placeholder-width: 26px; --smush-placeholder-aspect-ratio: 26\/53;width:100%;height:203.85%;max-width:26px\" src=\"data:image\/gif;base64,R0lGODlhAQABAAAAACH5BAEKAAEALAAAAAABAAEAAAICTAEAOw==\" \/><noscript><img decoding=\"async\" width=\"26\" height=\"53\" src=\"https:\/\/policane.net\/wp-content\/uploads\/2023\/04\/down-arrow.png\" class=\"attachment-full size-full wp-image-440\" alt=\"\" style=\"width:100%;height:203.85%;max-width:26px\" \/><\/noscript>\t\t\t\t\t\t\t\t\t\t\t\t\t\t\t<\/div>\n\t\t\t\t<\/div>\n\t\t\t\t\t<\/div>\n\t\t<\/div>\n\t\t\t\t\t<\/div>\n\t\t<\/section>\n\t\t\t\t<section class=\"elementor-section elementor-top-section elementor-element elementor-element-a2b303d elementor-section-stretched elementor-section-boxed elementor-section-height-default elementor-section-height-default\" data-id=\"a2b303d\" data-element_type=\"section\" data-settings=\"{&quot;stretch_section&quot;:&quot;section-stretched&quot;}\">\n\t\t\t\t\t\t<div class=\"elementor-container elementor-column-gap-default\">\n\t\t\t\t\t<div class=\"elementor-column elementor-col-100 elementor-top-column elementor-element elementor-element-f59366e\" data-id=\"f59366e\" data-element_type=\"column\">\n\t\t\t<div class=\"elementor-widget-wrap elementor-element-populated\">\n\t\t\t\t\t\t<div class=\"elementor-element elementor-element-1a45a64 elementor-widget elementor-widget-heading\" data-id=\"1a45a64\" data-element_type=\"widget\" data-widget_type=\"heading.default\">\n\t\t\t\t<div class=\"elementor-widget-container\">\n\t\t\t\t\t<h3 class=\"elementor-heading-title elementor-size-default\">Sin embargo, tenga en cuenta que:<\/h3>\t\t\t\t<\/div>\n\t\t\t\t<\/div>\n\t\t\t\t<div class=\"elementor-element elementor-element-60fdc74 elementor-widget elementor-widget-text-editor\" data-id=\"60fdc74\" data-element_type=\"widget\" data-widget_type=\"text-editor.default\">\n\t\t\t\t<div class=\"elementor-widget-container\">\n\t\t\t\t\t\t\t\t\t<p><strong>Los policosanoles no son un medicamento ni un suplemento nutricional. Es un alimento.\u00a0\u00a0<\/strong><\/p><p>La informaci\u00f3n contenida en este sitio web y en sus p\u00e1ginas sobre POLICANE\u00ae y sus componentes constituyentes (como los policosanoles) no pretende ser un consejo nutricional o m\u00e9dico y s\u00f3lo tiene fines educativos e informativos.\u00a0\u00a0<\/p><p>No debe basarse en ninguna informaci\u00f3n encontrada en este sitio web (incluidos los testimonios) para determinar cambios en la dieta, un diagn\u00f3stico m\u00e9dico o un curso de tratamiento. Cualquier declaraci\u00f3n o afirmaci\u00f3n sobre los posibles beneficios para la salud obtenidos de POLICANE\u00ae o sus componentes mencionados en este sitio web no han sido evaluados por la administraci\u00f3n de alimentos y medicamentos (o cualquier otra agencia o autoridad gubernamental de salud) y no est\u00e1n destinados a diagnosticar, tratar, curar o prevenir ninguna enfermedad. Las necesidades y restricciones diet\u00e9ticas de cada persona son \u00fanicas. Usted es el responsable de todas las decisiones relativas a su salud. Consulte a su m\u00e9dico personal o a su nutricionista sobre cualquier duda que pueda tener sobre su salud y su dieta.<\/p><p><strong>Testimonios:<\/strong><\/p><p>Los testimonios presentados aqu\u00ed son las experiencias y opiniones de los autores y no son una representaci\u00f3n o garant\u00eda de que alguien m\u00e1s tendr\u00e1 los mismos o similares resultados o experiencias con POLICANE\u00ae.\u00a0 Adem\u00e1s, cualquier afirmaci\u00f3n hecha por un autor de testimonios de que POLICANE\u00ae caus\u00f3 un beneficio o mejora de la salud en particular es anecd\u00f3tica, es la opini\u00f3n del autor y no es evidencia de una causa y efecto con respaldo cient\u00edfico.\u00a0 No pagamos por los testimonios, pero algunos de los autores recibieron POLICANE\u00ae como muestras gratuitas.\u00a0<\/p>\t\t\t\t\t\t\t\t<\/div>\n\t\t\t\t<\/div>\n\t\t\t\t\t<\/div>\n\t\t<\/div>\n\t\t\t\t\t<\/div>\n\t\t<\/section>\n\t\t\t\t<\/div>\n\t\t","protected":false},"excerpt":{"rendered":"<p>Informaci\u00f3n de Divulgaci\u00f3n Actualmente, no hemos establecido que POLICANE\u00ae retenga policosanoles a niveles suficientes para proporcionar resultados similares a los de estos estudios.\u00a0 Adem\u00e1s, algunos otros estudios no lograron establecer ninguna mejora estad\u00edsticamente respaldada del colesterol sangu\u00edneo por la ingesti\u00f3n de policosanoles.\u00a0 Hasta la fecha, ninguno de los estudios que hemos revisado ha informado de&hellip; <a class=\"more-link\" href=\"https:\/\/policane.net\/es\/informacion-de-divulgacion\/\">Seguir leyendo <span class=\"screen-reader-text\">Informaci\u00f3n de divulgaci\u00f3n<\/span><\/a><\/p>\n","protected":false},"author":1,"featured_media":0,"parent":0,"menu_order":0,"comment_status":"closed","ping_status":"closed","template":"","meta":{"footnotes":""},"class_list":["post-507","page","type-page","status-publish","hentry","entry"],"yoast_head":"<!-- This site is optimized with the Yoast SEO plugin v24.1 - https:\/\/yoast.com\/wordpress\/plugins\/seo\/ -->\n<title>Informaci\u00f3n de divulgaci\u00f3n - Policane<\/title>\n<meta name=\"description\" content=\"La informaci\u00f3n contenida en este sitio web y sus p\u00e1ginas sobre policante y sus componentes constitutivos.\" \/>\n<meta name=\"robots\" content=\"index, follow, max-snippet:-1, max-image-preview:large, max-video-preview:-1\" \/>\n<link rel=\"canonical\" href=\"https:\/\/policane.net\/es\/informacion-de-divulgacion\/\" \/>\n<meta property=\"og:locale\" content=\"es_ES\" \/>\n<meta property=\"og:type\" content=\"article\" \/>\n<meta property=\"og:title\" content=\"Informaci\u00f3n de divulgaci\u00f3n - Policane\" \/>\n<meta property=\"og:description\" content=\"La informaci\u00f3n contenida en este sitio web y sus p\u00e1ginas sobre policante y sus componentes constitutivos.\" \/>\n<meta property=\"og:url\" content=\"https:\/\/policane.net\/es\/informacion-de-divulgacion\/\" \/>\n<meta property=\"og:site_name\" content=\"Policane\" \/>\n<meta property=\"article:modified_time\" content=\"2023-08-31T22:48:23+00:00\" \/>\n<meta property=\"og:image\" content=\"https:\/\/policane.net\/wp-content\/uploads\/2023\/04\/down-arrow.png\" \/>\n<meta name=\"twitter:card\" content=\"summary_large_image\" \/>\n<meta name=\"twitter:label1\" content=\"Tiempo de lectura\" \/>\n\t<meta name=\"twitter:data1\" content=\"2 minutos\" \/>\n<script type=\"application\/ld+json\" class=\"yoast-schema-graph\">{\"@context\":\"https:\/\/schema.org\",\"@graph\":[{\"@type\":\"WebPage\",\"@id\":\"https:\/\/policane.net\/es\/informacion-de-divulgacion\/\",\"url\":\"https:\/\/policane.net\/es\/informacion-de-divulgacion\/\",\"name\":\"Informaci\u00f3n de divulgaci\u00f3n - Policane\",\"isPartOf\":{\"@id\":\"https:\/\/policane.net\/es\/#website\"},\"primaryImageOfPage\":{\"@id\":\"https:\/\/policane.net\/es\/informacion-de-divulgacion\/#primaryimage\"},\"image\":{\"@id\":\"https:\/\/policane.net\/es\/informacion-de-divulgacion\/#primaryimage\"},\"thumbnailUrl\":\"https:\/\/policane.net\/wp-content\/uploads\/2023\/04\/down-arrow.png\",\"datePublished\":\"2023-04-25T21:15:59+00:00\",\"dateModified\":\"2023-08-31T22:48:23+00:00\",\"description\":\"La informaci\u00f3n contenida en este sitio web y sus p\u00e1ginas sobre policante y sus componentes constitutivos.\",\"breadcrumb\":{\"@id\":\"https:\/\/policane.net\/es\/informacion-de-divulgacion\/#breadcrumb\"},\"inLanguage\":\"es\",\"potentialAction\":[{\"@type\":\"ReadAction\",\"target\":[\"https:\/\/policane.net\/es\/informacion-de-divulgacion\/\"]}]},{\"@type\":\"ImageObject\",\"inLanguage\":\"es\",\"@id\":\"https:\/\/policane.net\/es\/informacion-de-divulgacion\/#primaryimage\",\"url\":\"https:\/\/policane.net\/wp-content\/uploads\/2023\/04\/down-arrow.png\",\"contentUrl\":\"https:\/\/policane.net\/wp-content\/uploads\/2023\/04\/down-arrow.png\"},{\"@type\":\"BreadcrumbList\",\"@id\":\"https:\/\/policane.net\/es\/informacion-de-divulgacion\/#breadcrumb\",\"itemListElement\":[{\"@type\":\"ListItem\",\"position\":1,\"name\":\"Home\",\"item\":\"https:\/\/policane.net\/es\/\"},{\"@type\":\"ListItem\",\"position\":2,\"name\":\"Informaci\u00f3n de divulgaci\u00f3n\"}]},{\"@type\":\"WebSite\",\"@id\":\"https:\/\/policane.net\/es\/#website\",\"url\":\"https:\/\/policane.net\/es\/\",\"name\":\"Policane\",\"description\":\"We are sugarcane juice concentrate\",\"potentialAction\":[{\"@type\":\"SearchAction\",\"target\":{\"@type\":\"EntryPoint\",\"urlTemplate\":\"https:\/\/policane.net\/es\/?s={search_term_string}\"},\"query-input\":{\"@type\":\"PropertyValueSpecification\",\"valueRequired\":true,\"valueName\":\"search_term_string\"}}],\"inLanguage\":\"es\"}]}<\/script>\n<!-- \/ Yoast SEO plugin. -->","yoast_head_json":{"title":"Informaci\u00f3n de divulgaci\u00f3n - Policane","description":"La informaci\u00f3n contenida en este sitio web y sus p\u00e1ginas sobre policante y sus componentes constitutivos.","robots":{"index":"index","follow":"follow","max-snippet":"max-snippet:-1","max-image-preview":"max-image-preview:large","max-video-preview":"max-video-preview:-1"},"canonical":"https:\/\/policane.net\/es\/informacion-de-divulgacion\/","og_locale":"es_ES","og_type":"article","og_title":"Informaci\u00f3n de divulgaci\u00f3n - Policane","og_description":"La informaci\u00f3n contenida en este sitio web y sus p\u00e1ginas sobre policante y sus componentes constitutivos.","og_url":"https:\/\/policane.net\/es\/informacion-de-divulgacion\/","og_site_name":"Policane","article_modified_time":"2023-08-31T22:48:23+00:00","og_image":[{"url":"https:\/\/policane.net\/wp-content\/uploads\/2023\/04\/down-arrow.png","type":"","width":"","height":""}],"twitter_card":"summary_large_image","twitter_misc":{"Tiempo de lectura":"2 minutos"},"schema":{"@context":"https:\/\/schema.org","@graph":[{"@type":"WebPage","@id":"https:\/\/policane.net\/es\/informacion-de-divulgacion\/","url":"https:\/\/policane.net\/es\/informacion-de-divulgacion\/","name":"Informaci\u00f3n de divulgaci\u00f3n - Policane","isPartOf":{"@id":"https:\/\/policane.net\/es\/#website"},"primaryImageOfPage":{"@id":"https:\/\/policane.net\/es\/informacion-de-divulgacion\/#primaryimage"},"image":{"@id":"https:\/\/policane.net\/es\/informacion-de-divulgacion\/#primaryimage"},"thumbnailUrl":"https:\/\/policane.net\/wp-content\/uploads\/2023\/04\/down-arrow.png","datePublished":"2023-04-25T21:15:59+00:00","dateModified":"2023-08-31T22:48:23+00:00","description":"La informaci\u00f3n contenida en este sitio web y sus p\u00e1ginas sobre policante y sus componentes constitutivos.","breadcrumb":{"@id":"https:\/\/policane.net\/es\/informacion-de-divulgacion\/#breadcrumb"},"inLanguage":"es","potentialAction":[{"@type":"ReadAction","target":["https:\/\/policane.net\/es\/informacion-de-divulgacion\/"]}]},{"@type":"ImageObject","inLanguage":"es","@id":"https:\/\/policane.net\/es\/informacion-de-divulgacion\/#primaryimage","url":"https:\/\/policane.net\/wp-content\/uploads\/2023\/04\/down-arrow.png","contentUrl":"https:\/\/policane.net\/wp-content\/uploads\/2023\/04\/down-arrow.png"},{"@type":"BreadcrumbList","@id":"https:\/\/policane.net\/es\/informacion-de-divulgacion\/#breadcrumb","itemListElement":[{"@type":"ListItem","position":1,"name":"Home","item":"https:\/\/policane.net\/es\/"},{"@type":"ListItem","position":2,"name":"Informaci\u00f3n de divulgaci\u00f3n"}]},{"@type":"WebSite","@id":"https:\/\/policane.net\/es\/#website","url":"https:\/\/policane.net\/es\/","name":"Policane","description":"We are sugarcane juice concentrate","potentialAction":[{"@type":"SearchAction","target":{"@type":"EntryPoint","urlTemplate":"https:\/\/policane.net\/es\/?s={search_term_string}"},"query-input":{"@type":"PropertyValueSpecification","valueRequired":true,"valueName":"search_term_string"}}],"inLanguage":"es"}]}},"_links":{"self":[{"href":"https:\/\/policane.net\/es\/wp-json\/wp\/v2\/pages\/507","targetHints":{"allow":["GET"]}}],"collection":[{"href":"https:\/\/policane.net\/es\/wp-json\/wp\/v2\/pages"}],"about":[{"href":"https:\/\/policane.net\/es\/wp-json\/wp\/v2\/types\/page"}],"author":[{"embeddable":true,"href":"https:\/\/policane.net\/es\/wp-json\/wp\/v2\/users\/1"}],"replies":[{"embeddable":true,"href":"https:\/\/policane.net\/es\/wp-json\/wp\/v2\/comments?post=507"}],"version-history":[{"count":17,"href":"https:\/\/policane.net\/es\/wp-json\/wp\/v2\/pages\/507\/revisions"}],"predecessor-version":[{"id":1076,"href":"https:\/\/policane.net\/es\/wp-json\/wp\/v2\/pages\/507\/revisions\/1076"}],"wp:attachment":[{"href":"https:\/\/policane.net\/es\/wp-json\/wp\/v2\/media?parent=507"}],"curies":[{"name":"wp","href":"https:\/\/api.w.org\/{rel}","templated":true}]}}