{"id":499,"date":"2023-04-20T23:53:35","date_gmt":"2023-04-20T23:53:35","guid":{"rendered":"https:\/\/policane.net\/contactenos\/"},"modified":"2024-12-31T17:23:21","modified_gmt":"2024-12-31T17:23:21","slug":"contactenos","status":"publish","type":"page","link":"https:\/\/policane.net\/es\/contactenos\/","title":{"rendered":"Cont\u00e1ctenos"},"content":{"rendered":"\t\t<div data-elementor-type=\"wp-page\" data-elementor-id=\"499\" class=\"elementor elementor-499 elementor-30\">\n\t\t\t\t\t\t<section class=\"elementor-section elementor-top-section elementor-element elementor-element-2e07bdb elementor-section-stretched elementor-section-boxed elementor-section-height-default elementor-section-height-default\" data-id=\"2e07bdb\" data-element_type=\"section\" data-settings=\"{&quot;stretch_section&quot;:&quot;section-stretched&quot;}\">\n\t\t\t\t\t\t<div class=\"elementor-container elementor-column-gap-default\">\n\t\t\t\t\t<div class=\"elementor-column elementor-col-50 elementor-top-column elementor-element elementor-element-b9f8df0\" data-id=\"b9f8df0\" data-element_type=\"column\">\n\t\t\t<div class=\"elementor-widget-wrap elementor-element-populated\">\n\t\t\t\t\t\t<div class=\"elementor-element elementor-element-65264d8 elementor-widget elementor-widget-heading\" data-id=\"65264d8\" data-element_type=\"widget\" data-widget_type=\"heading.default\">\n\t\t\t\t<div class=\"elementor-widget-container\">\n\t\t\t\t\t<h1 class=\"elementor-heading-title elementor-size-default\">Cont\u00e1ctenos<\/h1>\t\t\t\t<\/div>\n\t\t\t\t<\/div>\n\t\t\t\t<div class=\"elementor-element elementor-element-f969b79 elementor-widget elementor-widget-text-editor\" data-id=\"f969b79\" data-element_type=\"widget\" data-widget_type=\"text-editor.default\">\n\t\t\t\t<div class=\"elementor-widget-container\">\n\t\t\t\t\t\t\t\t\t<p dir=\"ltr\">Nos encantar\u00eda conocer su opini\u00f3n sobre POLICANE\u00ae \u00a1D\u00e9jenos sus comentarios!<br \/>Y si desea distribuir nuestro producto en su pa\u00eds o regi\u00f3n por favor env\u00edenos un mensaje o llenar el siguiente formulario.<\/p>\t\t\t\t\t\t\t\t<\/div>\n\t\t\t\t<\/div>\n\t\t\t\t<div class=\"elementor-element elementor-element-c8bc190 elementor-widget elementor-widget-image\" data-id=\"c8bc190\" data-element_type=\"widget\" data-widget_type=\"image.default\">\n\t\t\t\t<div class=\"elementor-widget-container\">\n\t\t\t\t\t\t\t\t\t\t\t\t\t\t\t<img fetchpriority=\"high\" decoding=\"async\" width=\"419\" height=\"292\" src=\"https:\/\/policane.net\/wp-content\/uploads\/2023\/05\/image-Contact-policane.png\" class=\"attachment-full size-full wp-image-727\" alt=\"\" srcset=\"https:\/\/policane.net\/wp-content\/uploads\/2023\/05\/image-Contact-policane.png 419w, https:\/\/policane.net\/wp-content\/uploads\/2023\/05\/image-Contact-policane-300x209.png 300w\" sizes=\"(max-width: 419px) 100vw, 419px\" style=\"width:100%;height:69.69%;max-width:419px\" \/>\t\t\t\t\t\t\t\t\t\t\t\t\t\t\t<\/div>\n\t\t\t\t<\/div>\n\t\t\t\t<div class=\"elementor-element elementor-element-6d26a8b elementor-widget elementor-widget-text-editor\" data-id=\"6d26a8b\" data-element_type=\"widget\" data-widget_type=\"text-editor.default\">\n\t\t\t\t<div class=\"elementor-widget-container\">\n\t\t\t\t\t\t\t\t\t<p>O cont\u00e1ctenos para m\u00e1s detalles:<br \/>POLICANE CO., LLC<br \/>4425 Military Trail Unit 110<br \/>Jupiter, FL 33458 USA <br \/><a href=\"tel:+13522298778\">+1 (352)229&#8211;8778<\/a> <br \/><a href=\"mailto:info@policane.net\" rel=\"noopener\">info@policane.net<\/a><\/p>\t\t\t\t\t\t\t\t<\/div>\n\t\t\t\t<\/div>\n\t\t\t\t\t<\/div>\n\t\t<\/div>\n\t\t\t\t<div class=\"elementor-column elementor-col-50 elementor-top-column elementor-element elementor-element-860ddcb\" data-id=\"860ddcb\" data-element_type=\"column\">\n\t\t\t<div class=\"elementor-widget-wrap elementor-element-populated\">\n\t\t\t\t\t\t<div class=\"elementor-element elementor-element-b09df14 premium-cf7-button-fwidth-yes elementor-widget elementor-widget-premium-contact-form\" data-id=\"b09df14\" data-element_type=\"widget\" data-widget_type=\"premium-contact-form.default\">\n\t\t\t\t<div class=\"elementor-widget-container\">\n\t\t\t\t\t\r\n\t\t\t\r\n\t\t\t<div class=\"premium-cf7-container\">\r\n\t\t\t\t\n<div class=\"wpcf7 no-js\" id=\"wpcf7-f503-o1\" lang=\"es-ES\" dir=\"ltr\" data-wpcf7-id=\"503\">\n<div class=\"screen-reader-response\"><p role=\"status\" aria-live=\"polite\" aria-atomic=\"true\"><\/p> <ul><\/ul><\/div>\n<form action=\"\/es\/wp-json\/wp\/v2\/pages\/499#wpcf7-f503-o1\" method=\"post\" class=\"wpcf7-form init\" aria-label=\"Formulario de contacto\" novalidate=\"novalidate\" data-status=\"init\">\n<div style=\"display: none;\">\n<input type=\"hidden\" name=\"_wpcf7\" value=\"503\" \/>\n<input type=\"hidden\" name=\"_wpcf7_version\" value=\"6.0.2\" \/>\n<input type=\"hidden\" name=\"_wpcf7_locale\" value=\"es_ES\" \/>\n<input type=\"hidden\" name=\"_wpcf7_unit_tag\" value=\"wpcf7-f503-o1\" \/>\n<input type=\"hidden\" name=\"_wpcf7_container_post\" value=\"0\" \/>\n<input type=\"hidden\" name=\"_wpcf7_posted_data_hash\" value=\"\" \/>\n<input type=\"hidden\" name=\"_wpcf7_recaptcha_response\" value=\"\" \/>\n<\/div>\n<p><span class=\"wpcf7-form-control-wrap\" data-name=\"Nombre\"><input size=\"40\" maxlength=\"400\" class=\"wpcf7-form-control wpcf7-text wpcf7-validates-as-required\" aria-required=\"true\" aria-invalid=\"false\" placeholder=\"*Nombre:\" value=\"\" type=\"text\" name=\"Nombre\" \/><\/span><span class=\"wpcf7-form-control-wrap\" data-name=\"Apellido\"><input size=\"40\" maxlength=\"400\" class=\"wpcf7-form-control wpcf7-text wpcf7-validates-as-required\" aria-required=\"true\" aria-invalid=\"false\" placeholder=\"*Apellido:\" value=\"\" type=\"text\" name=\"Apellido\" \/><\/span><span class=\"wpcf7-form-control-wrap\" data-name=\"Correo\"><input size=\"40\" maxlength=\"400\" class=\"wpcf7-form-control wpcf7-email wpcf7-validates-as-required wpcf7-text wpcf7-validates-as-email\" aria-required=\"true\" aria-invalid=\"false\" placeholder=\"*Correo:\" value=\"\" type=\"email\" name=\"Correo\" \/><\/span><span class=\"wpcf7-form-control-wrap\" data-name=\"Telefono\"><input size=\"40\" maxlength=\"400\" class=\"wpcf7-form-control wpcf7-tel wpcf7-text wpcf7-validates-as-tel\" aria-invalid=\"false\" placeholder=\"Tel\u00e9fono: (Opcional)\" value=\"\" type=\"tel\" name=\"Telefono\" \/><\/span><span class=\"wpcf7-form-control-wrap\" data-name=\"Pais\"><input size=\"40\" maxlength=\"400\" class=\"wpcf7-form-control wpcf7-text\" aria-invalid=\"false\" placeholder=\"Pa\u00eds: (Opcional)\" value=\"\" type=\"text\" name=\"Pais\" \/><\/span><span class=\"wpcf7-form-control-wrap\" data-name=\"Estado\"><input size=\"40\" maxlength=\"400\" class=\"wpcf7-form-control wpcf7-text\" aria-invalid=\"false\" placeholder=\"Estado: {Si es de EEUU} (Opcional)\" value=\"\" type=\"text\" name=\"Estado\" \/><\/span><br \/>\n<span class=\"wpcf7-form-control-wrap\" data-name=\"Mensaje\"><textarea cols=\"40\" rows=\"10\" maxlength=\"2000\" class=\"wpcf7-form-control wpcf7-textarea\" aria-invalid=\"false\" placeholder=\"Mensaje\" name=\"Mensaje\"><\/textarea><\/span><br \/>\n<input class=\"wpcf7-form-control wpcf7-submit has-spinner\" type=\"submit\" value=\"Cont\u00e1ctenos\" \/>\n<\/p><div class=\"wpcf7-response-output\" aria-hidden=\"true\"><\/div>\n<\/form>\n<\/div>\n\t\t\t<\/div>\r\n\r\n\t\t\t\t\t\t\t<\/div>\n\t\t\t\t<\/div>\n\t\t\t\t\t<\/div>\n\t\t<\/div>\n\t\t\t\t\t<\/div>\n\t\t<\/section>\n\t\t\t\t<\/div>\n\t\t","protected":false},"excerpt":{"rendered":"<p>Cont\u00e1ctenos Nos encantar\u00eda conocer su opini\u00f3n sobre POLICANE\u00ae \u00a1D\u00e9jenos sus comentarios!Y si desea distribuir nuestro producto en su pa\u00eds o regi\u00f3n por favor env\u00edenos un mensaje o llenar el siguiente formulario. O cont\u00e1ctenos para m\u00e1s detalles:POLICANE CO., LLC4425 Military Trail Unit 110Jupiter, FL 33458 USA +1 (352)229&#8211;8778 info@policane.net<\/p>\n","protected":false},"author":1,"featured_media":0,"parent":0,"menu_order":0,"comment_status":"closed","ping_status":"closed","template":"","meta":{"footnotes":""},"class_list":["post-499","page","type-page","status-publish","hentry","entry"],"yoast_head":"<!-- This site is optimized with the Yoast SEO plugin v24.1 - https:\/\/yoast.com\/wordpress\/plugins\/seo\/ -->\n<title>Cont\u00e1ctenos - Policane<\/title>\n<meta name=\"description\" content=\"Nos encantar\u00eda conocer tu opini\u00f3n sobre POLICANE\u00ae\" \/>\n<meta name=\"robots\" content=\"index, follow, max-snippet:-1, max-image-preview:large, max-video-preview:-1\" \/>\n<link rel=\"canonical\" href=\"https:\/\/policane.net\/es\/contactenos\/\" \/>\n<meta property=\"og:locale\" content=\"es_ES\" \/>\n<meta property=\"og:type\" content=\"article\" \/>\n<meta property=\"og:title\" content=\"Cont\u00e1ctenos - Policane\" \/>\n<meta property=\"og:description\" content=\"Nos encantar\u00eda conocer tu opini\u00f3n sobre POLICANE\u00ae\" \/>\n<meta property=\"og:url\" content=\"https:\/\/policane.net\/es\/contactenos\/\" \/>\n<meta property=\"og:site_name\" content=\"Policane\" \/>\n<meta property=\"article:modified_time\" content=\"2024-12-31T17:23:21+00:00\" \/>\n<meta property=\"og:image\" content=\"https:\/\/policane.net\/wp-content\/uploads\/2023\/05\/image-Contact-policane.png\" \/>\n\t<meta property=\"og:image:width\" content=\"419\" \/>\n\t<meta property=\"og:image:height\" content=\"292\" \/>\n\t<meta property=\"og:image:type\" content=\"image\/png\" \/>\n<meta name=\"twitter:card\" content=\"summary_large_image\" \/>\n<meta name=\"twitter:label1\" content=\"Tiempo de lectura\" \/>\n\t<meta name=\"twitter:data1\" content=\"1 minuto\" \/>\n<script type=\"application\/ld+json\" class=\"yoast-schema-graph\">{\"@context\":\"https:\/\/schema.org\",\"@graph\":[{\"@type\":\"WebPage\",\"@id\":\"https:\/\/policane.net\/es\/contactenos\/\",\"url\":\"https:\/\/policane.net\/es\/contactenos\/\",\"name\":\"Cont\u00e1ctenos - Policane\",\"isPartOf\":{\"@id\":\"https:\/\/policane.net\/es\/#website\"},\"primaryImageOfPage\":{\"@id\":\"https:\/\/policane.net\/es\/contactenos\/#primaryimage\"},\"image\":{\"@id\":\"https:\/\/policane.net\/es\/contactenos\/#primaryimage\"},\"thumbnailUrl\":\"https:\/\/policane.net\/wp-content\/uploads\/2023\/05\/image-Contact-policane.png\",\"datePublished\":\"2023-04-20T23:53:35+00:00\",\"dateModified\":\"2024-12-31T17:23:21+00:00\",\"description\":\"Nos encantar\u00eda conocer tu opini\u00f3n sobre POLICANE\u00ae\",\"breadcrumb\":{\"@id\":\"https:\/\/policane.net\/es\/contactenos\/#breadcrumb\"},\"inLanguage\":\"es\",\"potentialAction\":[{\"@type\":\"ReadAction\",\"target\":[\"https:\/\/policane.net\/es\/contactenos\/\"]}]},{\"@type\":\"ImageObject\",\"inLanguage\":\"es\",\"@id\":\"https:\/\/policane.net\/es\/contactenos\/#primaryimage\",\"url\":\"https:\/\/policane.net\/wp-content\/uploads\/2023\/05\/image-Contact-policane.png\",\"contentUrl\":\"https:\/\/policane.net\/wp-content\/uploads\/2023\/05\/image-Contact-policane.png\"},{\"@type\":\"BreadcrumbList\",\"@id\":\"https:\/\/policane.net\/es\/contactenos\/#breadcrumb\",\"itemListElement\":[{\"@type\":\"ListItem\",\"position\":1,\"name\":\"Home\",\"item\":\"https:\/\/policane.net\/es\/\"},{\"@type\":\"ListItem\",\"position\":2,\"name\":\"Cont\u00e1ctenos\"}]},{\"@type\":\"WebSite\",\"@id\":\"https:\/\/policane.net\/es\/#website\",\"url\":\"https:\/\/policane.net\/es\/\",\"name\":\"Policane\",\"description\":\"We are sugarcane juice concentrate\",\"potentialAction\":[{\"@type\":\"SearchAction\",\"target\":{\"@type\":\"EntryPoint\",\"urlTemplate\":\"https:\/\/policane.net\/es\/?s={search_term_string}\"},\"query-input\":{\"@type\":\"PropertyValueSpecification\",\"valueRequired\":true,\"valueName\":\"search_term_string\"}}],\"inLanguage\":\"es\"}]}<\/script>\n<!-- \/ Yoast SEO plugin. -->","yoast_head_json":{"title":"Cont\u00e1ctenos - Policane","description":"Nos encantar\u00eda conocer tu opini\u00f3n sobre POLICANE\u00ae","robots":{"index":"index","follow":"follow","max-snippet":"max-snippet:-1","max-image-preview":"max-image-preview:large","max-video-preview":"max-video-preview:-1"},"canonical":"https:\/\/policane.net\/es\/contactenos\/","og_locale":"es_ES","og_type":"article","og_title":"Cont\u00e1ctenos - Policane","og_description":"Nos encantar\u00eda conocer tu opini\u00f3n sobre POLICANE\u00ae","og_url":"https:\/\/policane.net\/es\/contactenos\/","og_site_name":"Policane","article_modified_time":"2024-12-31T17:23:21+00:00","og_image":[{"width":419,"height":292,"url":"https:\/\/policane.net\/wp-content\/uploads\/2023\/05\/image-Contact-policane.png","type":"image\/png"}],"twitter_card":"summary_large_image","twitter_misc":{"Tiempo de lectura":"1 minuto"},"schema":{"@context":"https:\/\/schema.org","@graph":[{"@type":"WebPage","@id":"https:\/\/policane.net\/es\/contactenos\/","url":"https:\/\/policane.net\/es\/contactenos\/","name":"Cont\u00e1ctenos - Policane","isPartOf":{"@id":"https:\/\/policane.net\/es\/#website"},"primaryImageOfPage":{"@id":"https:\/\/policane.net\/es\/contactenos\/#primaryimage"},"image":{"@id":"https:\/\/policane.net\/es\/contactenos\/#primaryimage"},"thumbnailUrl":"https:\/\/policane.net\/wp-content\/uploads\/2023\/05\/image-Contact-policane.png","datePublished":"2023-04-20T23:53:35+00:00","dateModified":"2024-12-31T17:23:21+00:00","description":"Nos encantar\u00eda conocer tu opini\u00f3n sobre POLICANE\u00ae","breadcrumb":{"@id":"https:\/\/policane.net\/es\/contactenos\/#breadcrumb"},"inLanguage":"es","potentialAction":[{"@type":"ReadAction","target":["https:\/\/policane.net\/es\/contactenos\/"]}]},{"@type":"ImageObject","inLanguage":"es","@id":"https:\/\/policane.net\/es\/contactenos\/#primaryimage","url":"https:\/\/policane.net\/wp-content\/uploads\/2023\/05\/image-Contact-policane.png","contentUrl":"https:\/\/policane.net\/wp-content\/uploads\/2023\/05\/image-Contact-policane.png"},{"@type":"BreadcrumbList","@id":"https:\/\/policane.net\/es\/contactenos\/#breadcrumb","itemListElement":[{"@type":"ListItem","position":1,"name":"Home","item":"https:\/\/policane.net\/es\/"},{"@type":"ListItem","position":2,"name":"Cont\u00e1ctenos"}]},{"@type":"WebSite","@id":"https:\/\/policane.net\/es\/#website","url":"https:\/\/policane.net\/es\/","name":"Policane","description":"We are sugarcane juice concentrate","potentialAction":[{"@type":"SearchAction","target":{"@type":"EntryPoint","urlTemplate":"https:\/\/policane.net\/es\/?s={search_term_string}"},"query-input":{"@type":"PropertyValueSpecification","valueRequired":true,"valueName":"search_term_string"}}],"inLanguage":"es"}]}},"_links":{"self":[{"href":"https:\/\/policane.net\/es\/wp-json\/wp\/v2\/pages\/499","targetHints":{"allow":["GET"]}}],"collection":[{"href":"https:\/\/policane.net\/es\/wp-json\/wp\/v2\/pages"}],"about":[{"href":"https:\/\/policane.net\/es\/wp-json\/wp\/v2\/types\/page"}],"author":[{"embeddable":true,"href":"https:\/\/policane.net\/es\/wp-json\/wp\/v2\/users\/1"}],"replies":[{"embeddable":true,"href":"https:\/\/policane.net\/es\/wp-json\/wp\/v2\/comments?post=499"}],"version-history":[{"count":21,"href":"https:\/\/policane.net\/es\/wp-json\/wp\/v2\/pages\/499\/revisions"}],"predecessor-version":[{"id":1685,"href":"https:\/\/policane.net\/es\/wp-json\/wp\/v2\/pages\/499\/revisions\/1685"}],"wp:attachment":[{"href":"https:\/\/policane.net\/es\/wp-json\/wp\/v2\/media?parent=499"}],"curies":[{"name":"wp","href":"https:\/\/api.w.org\/{rel}","templated":true}]}}